{"id":385,"date":"2023-08-29T20:21:40","date_gmt":"2023-08-29T18:21:40","guid":{"rendered":"http:\/\/141.94.16.144\/?page_id=385"},"modified":"2023-08-29T23:29:03","modified_gmt":"2023-08-29T21:29:03","slug":"quest-ce-que-cartnoe","status":"publish","type":"page","link":"https:\/\/cartnoe.fr\/index.php\/quest-ce-que-cartnoe\/","title":{"rendered":"Qu&rsquo;est-ce que Cartno\u00eb ?"},"content":{"rendered":"\n<p>Nous sommes un groupe d&rsquo;amis, d&rsquo;une dizaine de personnes, sillonnant les fleuves et rivi\u00e8res de France chaque \u00e9t\u00e9.\u00a0<\/p>\n\n\n\n<p>Nous avons fait na\u00eetre Cartno\u00eb d&rsquo;un probl\u00e8me survenu lors de notre premi\u00e8re aventure : o\u00f9 allons nous dormir ce soir ? Cela nous est arriv\u00e9 plusieurs fois de nous arr\u00eater pour la nuit \u00e0 quelques centaines de m\u00e8tres d&rsquo;un super lieu de bivouac, sans le savoir. Nous avons donc d\u00e9cid\u00e9 l&rsquo;ann\u00e9e suivante de r\u00e9aliser une carte r\u00e9pondant \u00e0 nos interrogations. Nous sommes donc repartis sur le m\u00eame fleuve, cette fois-ci en notant toutes les observations n\u00e9cessaires pour bivouaquer. C&rsquo;est de l\u00e0 qu&rsquo;est n\u00e9e la carte de la Dordogne et l&rsquo;association.<\/p>\n\n\n\n<p>Depuis, nous avons descendus deux autres fleuves, la Loire et la Charente. Seule la Charente eu le droit \u00e0 sa carte, la Loire poss\u00e8de d\u00e9j\u00e0 une documentation suffisante et une possibilit\u00e9 de lieux de bivouacs illimit\u00e9s.<\/p>\n\n\n\n<figure class=\"wp-block-gallery has-nested-images columns-default is-cropped wp-block-gallery-1 is-layout-flex wp-block-gallery-is-layout-flex\">\n<figure class=\"wp-block-image size-medium\"><img loading=\"lazy\" decoding=\"async\" width=\"300\" height=\"200\" data-id=\"416\" src=\"http:\/\/141.94.16.144\/wp-content\/uploads\/DSC_0029-300x200.jpg\" alt=\"\" class=\"wp-image-416\" srcset=\"https:\/\/cartnoe.fr\/wp-content\/uploads\/DSC_0029-300x200.jpg 300w, https:\/\/cartnoe.fr\/wp-content\/uploads\/DSC_0029-1024x683.jpg 1024w, https:\/\/cartnoe.fr\/wp-content\/uploads\/DSC_0029-768x512.jpg 768w, https:\/\/cartnoe.fr\/wp-content\/uploads\/DSC_0029-1536x1025.jpg 1536w, https:\/\/cartnoe.fr\/wp-content\/uploads\/DSC_0029-2048x1367.jpg 2048w, https:\/\/cartnoe.fr\/wp-content\/uploads\/DSC_0029-2000x1335.jpg 2000w\" sizes=\"auto, (max-width: 300px) 100vw, 300px\" \/><\/figure>\n\n\n\n<figure class=\"wp-block-image size-medium\"><img loading=\"lazy\" decoding=\"async\" width=\"300\" height=\"225\" data-id=\"405\" src=\"http:\/\/141.94.16.144\/wp-content\/uploads\/DSCF4427-300x225.jpg\" alt=\"\" class=\"wp-image-405\" srcset=\"https:\/\/cartnoe.fr\/wp-content\/uploads\/DSCF4427-300x225.jpg 300w, https:\/\/cartnoe.fr\/wp-content\/uploads\/DSCF4427-1024x768.jpg 1024w, https:\/\/cartnoe.fr\/wp-content\/uploads\/DSCF4427-768x576.jpg 768w, https:\/\/cartnoe.fr\/wp-content\/uploads\/DSCF4427-1536x1152.jpg 1536w, https:\/\/cartnoe.fr\/wp-content\/uploads\/DSCF4427-2048x1536.jpg 2048w, https:\/\/cartnoe.fr\/wp-content\/uploads\/DSCF4427-2000x1500.jpg 2000w\" sizes=\"auto, (max-width: 300px) 100vw, 300px\" \/><\/figure>\n\n\n\n<figure class=\"wp-block-image size-medium\"><img loading=\"lazy\" decoding=\"async\" width=\"300\" height=\"225\" data-id=\"412\" src=\"http:\/\/141.94.16.144\/wp-content\/uploads\/DSCF4839-300x225.jpg\" alt=\"\" class=\"wp-image-412\" srcset=\"https:\/\/cartnoe.fr\/wp-content\/uploads\/DSCF4839-300x225.jpg 300w, https:\/\/cartnoe.fr\/wp-content\/uploads\/DSCF4839-1024x768.jpg 1024w, https:\/\/cartnoe.fr\/wp-content\/uploads\/DSCF4839-768x576.jpg 768w, https:\/\/cartnoe.fr\/wp-content\/uploads\/DSCF4839-1536x1152.jpg 1536w, https:\/\/cartnoe.fr\/wp-content\/uploads\/DSCF4839-2048x1536.jpg 2048w, https:\/\/cartnoe.fr\/wp-content\/uploads\/DSCF4839-2000x1500.jpg 2000w\" sizes=\"auto, (max-width: 300px) 100vw, 300px\" \/><\/figure>\n\n\n\n<figure class=\"wp-block-image size-medium\"><img loading=\"lazy\" decoding=\"async\" width=\"300\" height=\"225\" data-id=\"524\" src=\"http:\/\/141.94.16.144\/wp-content\/uploads\/GOPR2939-300x225.jpg\" alt=\"\" class=\"wp-image-524\" srcset=\"https:\/\/cartnoe.fr\/wp-content\/uploads\/GOPR2939-300x225.jpg 300w, https:\/\/cartnoe.fr\/wp-content\/uploads\/GOPR2939-1024x768.jpg 1024w, https:\/\/cartnoe.fr\/wp-content\/uploads\/GOPR2939-768x576.jpg 768w, https:\/\/cartnoe.fr\/wp-content\/uploads\/GOPR2939-1536x1152.jpg 1536w, https:\/\/cartnoe.fr\/wp-content\/uploads\/GOPR2939-2048x1536.jpg 2048w, https:\/\/cartnoe.fr\/wp-content\/uploads\/GOPR2939-2000x1500.jpg 2000w\" sizes=\"auto, (max-width: 300px) 100vw, 300px\" \/><\/figure>\n\n\n\n<figure class=\"wp-block-image size-medium\"><img loading=\"lazy\" decoding=\"async\" width=\"300\" height=\"225\" data-id=\"514\" src=\"http:\/\/141.94.16.144\/wp-content\/uploads\/GOPR2846-300x225.jpg\" alt=\"\" class=\"wp-image-514\" srcset=\"https:\/\/cartnoe.fr\/wp-content\/uploads\/GOPR2846-300x225.jpg 300w, https:\/\/cartnoe.fr\/wp-content\/uploads\/GOPR2846-1024x768.jpg 1024w, https:\/\/cartnoe.fr\/wp-content\/uploads\/GOPR2846-768x576.jpg 768w, https:\/\/cartnoe.fr\/wp-content\/uploads\/GOPR2846-1536x1152.jpg 1536w, https:\/\/cartnoe.fr\/wp-content\/uploads\/GOPR2846-2048x1536.jpg 2048w, https:\/\/cartnoe.fr\/wp-content\/uploads\/GOPR2846-2000x1500.jpg 2000w\" sizes=\"auto, (max-width: 300px) 100vw, 300px\" \/><\/figure>\n\n\n\n<figure class=\"wp-block-image size-medium\"><img loading=\"lazy\" decoding=\"async\" width=\"300\" height=\"225\" data-id=\"484\" src=\"http:\/\/141.94.16.144\/wp-content\/uploads\/GOPR2432-300x225.jpg\" alt=\"\" class=\"wp-image-484\" srcset=\"https:\/\/cartnoe.fr\/wp-content\/uploads\/GOPR2432-300x225.jpg 300w, https:\/\/cartnoe.fr\/wp-content\/uploads\/GOPR2432-1024x768.jpg 1024w, https:\/\/cartnoe.fr\/wp-content\/uploads\/GOPR2432-768x576.jpg 768w, https:\/\/cartnoe.fr\/wp-content\/uploads\/GOPR2432-1536x1152.jpg 1536w, https:\/\/cartnoe.fr\/wp-content\/uploads\/GOPR2432-2048x1536.jpg 2048w, https:\/\/cartnoe.fr\/wp-content\/uploads\/GOPR2432-2000x1500.jpg 2000w\" sizes=\"auto, (max-width: 300px) 100vw, 300px\" \/><\/figure>\n\n\n\n<figure class=\"wp-block-image size-medium is-style-default\"><img loading=\"lazy\" decoding=\"async\" width=\"300\" height=\"225\" data-id=\"558\" src=\"http:\/\/141.94.16.144\/wp-content\/uploads\/ST_PIERRE_Groupe-300x225.jpg\" alt=\"\" class=\"wp-image-558\" srcset=\"https:\/\/cartnoe.fr\/wp-content\/uploads\/ST_PIERRE_Groupe-300x225.jpg 300w, https:\/\/cartnoe.fr\/wp-content\/uploads\/ST_PIERRE_Groupe-1024x768.jpg 1024w, https:\/\/cartnoe.fr\/wp-content\/uploads\/ST_PIERRE_Groupe-768x576.jpg 768w, https:\/\/cartnoe.fr\/wp-content\/uploads\/ST_PIERRE_Groupe-1536x1152.jpg 1536w, https:\/\/cartnoe.fr\/wp-content\/uploads\/ST_PIERRE_Groupe-2048x1536.jpg 2048w, https:\/\/cartnoe.fr\/wp-content\/uploads\/ST_PIERRE_Groupe-2000x1500.jpg 2000w\" sizes=\"auto, (max-width: 300px) 100vw, 300px\" \/><\/figure>\n\n\n\n<figure class=\"wp-block-image size-medium\"><img decoding=\"async\" data-id=\"445\" src=\"http:\/\/141.94.16.144\/wp-content\/uploads\/GOPR1813-300x225.jpg\" alt=\"\" class=\"wp-image-445\"\/><\/figure>\n<\/figure>\n","protected":false},"excerpt":{"rendered":"<p>Nous sommes un groupe d&rsquo;amis, d&rsquo;une dizaine de personnes, sillonnant les fleuves et rivi\u00e8res de France chaque \u00e9t\u00e9.\u00a0 Nous avons fait na\u00eetre Cartno\u00eb d&rsquo;un probl\u00e8me survenu lors de notre premi\u00e8re aventure : o\u00f9 allons nous dormir ce soir ? Cela nous est arriv\u00e9 plusieurs fois de nous arr\u00eater pour la nuit \u00e0 quelques centaines de &hellip; <\/p>\n<p class=\"link-more\"><a href=\"https:\/\/cartnoe.fr\/index.php\/quest-ce-que-cartnoe\/\" class=\"more-link\">Lire la suite de<span class=\"screen-reader-text\">\u00ab\u00a0Qu&rsquo;est-ce que Cartno\u00eb ?\u00a0\u00bb<\/span><\/a><\/p>\n","protected":false},"author":1,"featured_media":445,"parent":0,"menu_order":0,"comment_status":"closed","ping_status":"closed","template":"","meta":{"iawp_total_views":41,"footnotes":""},"class_list":["post-385","page","type-page","status-publish","has-post-thumbnail","hentry"],"_links":{"self":[{"href":"https:\/\/cartnoe.fr\/index.php\/wp-json\/wp\/v2\/pages\/385","targetHints":{"allow":["GET"]}}],"collection":[{"href":"https:\/\/cartnoe.fr\/index.php\/wp-json\/wp\/v2\/pages"}],"about":[{"href":"https:\/\/cartnoe.fr\/index.php\/wp-json\/wp\/v2\/types\/page"}],"author":[{"embeddable":true,"href":"https:\/\/cartnoe.fr\/index.php\/wp-json\/wp\/v2\/users\/1"}],"replies":[{"embeddable":true,"href":"https:\/\/cartnoe.fr\/index.php\/wp-json\/wp\/v2\/comments?post=385"}],"version-history":[{"count":4,"href":"https:\/\/cartnoe.fr\/index.php\/wp-json\/wp\/v2\/pages\/385\/revisions"}],"predecessor-version":[{"id":618,"href":"https:\/\/cartnoe.fr\/index.php\/wp-json\/wp\/v2\/pages\/385\/revisions\/618"}],"wp:featuredmedia":[{"embeddable":true,"href":"https:\/\/cartnoe.fr\/index.php\/wp-json\/wp\/v2\/media\/445"}],"wp:attachment":[{"href":"https:\/\/cartnoe.fr\/index.php\/wp-json\/wp\/v2\/media?parent=385"}],"curies":[{"name":"wp","href":"https:\/\/api.w.org\/{rel}","templated":true}]}}