{"id":819,"date":"2024-03-09T14:06:05","date_gmt":"2024-03-09T13:06:05","guid":{"rendered":"http:\/\/cartnoe.fr\/?page_id=819"},"modified":"2024-03-31T18:26:37","modified_gmt":"2024-03-31T16:26:37","slug":"dordogne","status":"publish","type":"page","link":"https:\/\/cartnoe.fr\/index.php\/dordogne\/","title":{"rendered":"Carte de la Dordogne"},"content":{"rendered":"\n<div class=\"wp-block-buttons is-content-justification-center is-layout-flex wp-container-core-buttons-is-layout-a89b3969 wp-block-buttons-is-layout-flex\">\n<div class=\"wp-block-button\"><a class=\"wp-block-button__link wp-element-button\" href=\"https:\/\/cartnoe.fr\/wp-content\/uploads\/Derniere_version_carte_complete_Dordogne.pdf\" target=\"_blank\" rel=\"noreferrer noopener\">T\u00e9l\u00e9charger la carte<\/a><\/div>\n<\/div>\n\n\n\n<div class=\"wp-block-columns is-layout-flex wp-container-core-columns-is-layout-28f84493 wp-block-columns-is-layout-flex\">\n<div class=\"wp-block-column is-layout-flow wp-block-column-is-layout-flow\">\n<figure data-wp-context=\"{&quot;imageId&quot;:&quot;69d26dc5cf24e&quot;}\" data-wp-interactive=\"core\/image\" data-wp-key=\"69d26dc5cf24e\" class=\"wp-block-image size-large wp-lightbox-container\"><img loading=\"lazy\" decoding=\"async\" width=\"1024\" height=\"575\" data-wp-class--hide=\"state.isContentHidden\" data-wp-class--show=\"state.isContentVisible\" data-wp-init=\"callbacks.setButtonStyles\" data-wp-on--click=\"actions.showLightbox\" data-wp-on--load=\"callbacks.setButtonStyles\" data-wp-on-window--resize=\"callbacks.setButtonStyles\" src=\"http:\/\/cartnoe.fr\/wp-content\/uploads\/2024\/03\/image-1024x575.png\" alt=\"\" class=\"wp-image-831\" srcset=\"https:\/\/cartnoe.fr\/wp-content\/uploads\/2024\/03\/image-1024x575.png 1024w, https:\/\/cartnoe.fr\/wp-content\/uploads\/2024\/03\/image-300x169.png 300w, https:\/\/cartnoe.fr\/wp-content\/uploads\/2024\/03\/image-768x432.png 768w, https:\/\/cartnoe.fr\/wp-content\/uploads\/2024\/03\/image.png 1162w\" sizes=\"auto, (max-width: 1024px) 100vw, 1024px\" \/><button\n\t\t\tclass=\"lightbox-trigger\"\n\t\t\ttype=\"button\"\n\t\t\taria-haspopup=\"dialog\"\n\t\t\taria-label=\"Agrandir\"\n\t\t\tdata-wp-init=\"callbacks.initTriggerButton\"\n\t\t\tdata-wp-on--click=\"actions.showLightbox\"\n\t\t\tdata-wp-style--right=\"state.imageButtonRight\"\n\t\t\tdata-wp-style--top=\"state.imageButtonTop\"\n\t\t>\n\t\t\t<svg xmlns=\"http:\/\/www.w3.org\/2000\/svg\" width=\"12\" height=\"12\" fill=\"none\" viewBox=\"0 0 12 12\">\n\t\t\t\t<path fill=\"#fff\" d=\"M2 0a2 2 0 0 0-2 2v2h1.5V2a.5.5 0 0 1 .5-.5h2V0H2Zm2 10.5H2a.5.5 0 0 1-.5-.5V8H0v2a2 2 0 0 0 2 2h2v-1.5ZM8 12v-1.5h2a.5.5 0 0 0 .5-.5V8H12v2a2 2 0 0 1-2 2H8Zm2-12a2 2 0 0 1 2 2v2h-1.5V2a.5.5 0 0 0-.5-.5H8V0h2Z\" \/>\n\t\t\t<\/svg>\n\t\t<\/button><\/figure>\n<\/div>\n\n\n\n<div class=\"wp-block-column is-layout-flow wp-block-column-is-layout-flow\">\n<figure data-wp-context=\"{&quot;imageId&quot;:&quot;69d26dc5cfcf7&quot;}\" data-wp-interactive=\"core\/image\" data-wp-key=\"69d26dc5cfcf7\" class=\"wp-block-image size-large wp-lightbox-container\"><img loading=\"lazy\" decoding=\"async\" width=\"1024\" height=\"593\" data-wp-class--hide=\"state.isContentHidden\" data-wp-class--show=\"state.isContentVisible\" data-wp-init=\"callbacks.setButtonStyles\" data-wp-on--click=\"actions.showLightbox\" data-wp-on--load=\"callbacks.setButtonStyles\" data-wp-on-window--resize=\"callbacks.setButtonStyles\" src=\"http:\/\/cartnoe.fr\/wp-content\/uploads\/GOPR2769-1024x593.jpg\" alt=\"\" class=\"wp-image-510\" srcset=\"https:\/\/cartnoe.fr\/wp-content\/uploads\/GOPR2769-1024x593.jpg 1024w, https:\/\/cartnoe.fr\/wp-content\/uploads\/GOPR2769-300x174.jpg 300w, https:\/\/cartnoe.fr\/wp-content\/uploads\/GOPR2769-768x445.jpg 768w, https:\/\/cartnoe.fr\/wp-content\/uploads\/GOPR2769-1536x889.jpg 1536w, https:\/\/cartnoe.fr\/wp-content\/uploads\/GOPR2769-2048x1186.jpg 2048w, https:\/\/cartnoe.fr\/wp-content\/uploads\/GOPR2769-2000x1158.jpg 2000w\" sizes=\"auto, (max-width: 1024px) 100vw, 1024px\" \/><button\n\t\t\tclass=\"lightbox-trigger\"\n\t\t\ttype=\"button\"\n\t\t\taria-haspopup=\"dialog\"\n\t\t\taria-label=\"Agrandir\"\n\t\t\tdata-wp-init=\"callbacks.initTriggerButton\"\n\t\t\tdata-wp-on--click=\"actions.showLightbox\"\n\t\t\tdata-wp-style--right=\"state.imageButtonRight\"\n\t\t\tdata-wp-style--top=\"state.imageButtonTop\"\n\t\t>\n\t\t\t<svg xmlns=\"http:\/\/www.w3.org\/2000\/svg\" width=\"12\" height=\"12\" fill=\"none\" viewBox=\"0 0 12 12\">\n\t\t\t\t<path fill=\"#fff\" d=\"M2 0a2 2 0 0 0-2 2v2h1.5V2a.5.5 0 0 1 .5-.5h2V0H2Zm2 10.5H2a.5.5 0 0 1-.5-.5V8H0v2a2 2 0 0 0 2 2h2v-1.5ZM8 12v-1.5h2a.5.5 0 0 0 .5-.5V8H12v2a2 2 0 0 1-2 2H8Zm2-12a2 2 0 0 1 2 2v2h-1.5V2a.5.5 0 0 0-.5-.5H8V0h2Z\" \/>\n\t\t\t<\/svg>\n\t\t<\/button><\/figure>\n<\/div>\n<\/div>\n\n\n\n<h2 class=\"wp-block-heading\">Description <\/h2>\n\n\n\n<p>La Dordogne est un <strong>cours d\u2019eau<\/strong> qui prend sa source dans le Massif Central, au Puy de Sancy, et apr\u00e8s avoir travers\u00e9 le d\u00e9partement de la Dordogne et de la Gironde, se jette dans l\u2019Oc\u00e9an Atlantique. <\/p>\n\n\n\n<p>Nous vous proposons ici une descente de 170km o\u00f9 vous pourrez admirer depuis votre cano\u00eb des superbes ch\u00e2teaux mais aussi une nature plus sauvage, surtout sur sa premi\u00e8re partie. <\/p>\n\n\n\n<p>Pour un petit r\u00e9sum\u00e9 de notre descente, c&rsquo;est <a href=\"http:\/\/cartnoe.fr\/index.php\/2023\/08\/25\/la-dordogne\/\" data-type=\"post\" data-id=\"106\">ici<\/a> !<\/p>\n\n\n\n<h2 class=\"wp-block-heading\">Localisation<\/h2>\n\n\n\n<p>La carte d\u00e9bute de Argentat jusqu&rsquo;\u00e0 Tr\u00e9molat<\/p>\n\n\n\n<h2 class=\"wp-block-heading\">P\u00e9riode Favorable<\/h2>\n\n\n\n<p>Selon le niveau d&rsquo;eau, d&rsquo;avril a octobre. <\/p>\n\n\n\n<h2 class=\"wp-block-heading\">L\u00e9gislation<\/h2>\n\n\n\n<p>Le bivouac est tol\u00e9r\u00e9 le long des berges.<\/p>\n\n\n\n<p>La navigation est r\u00e9glement\u00e9e par un <a href=\"https:\/\/www.dordogne.gouv.fr\/content\/download\/20360\/153182\/file\/AR_ RPP_ navig_ pont sncf  Yerle %c3%a0 ALLES SUR DORDOGNE_ 2015.pdf\" target=\"_blank\" rel=\"noreferrer noopener\">arr\u00eat\u00e9 pr\u00e9fectoral<\/a> qui limite les heures d\u2019embarquement (9h30-18h). Elle ne concerne uniquement que la section de la rivi\u00e8re allant de la limite avec le d\u00e9partement du Lot (\u00e0 Peyrillac-et-Millac) jusqu\u2019au pont SNCF de La Yerle \u00e0 Alles-sur-Dordogne.<\/p>\n\n\n\n<p>Contre-indication d\u00fb au niveau d&rsquo;eau:<\/p>\n\n\n\n<ul class=\"wp-block-list\">\n<li>Moins de 1,5m&nbsp;: navigation libre pour tous<\/li>\n\n\n\n<li>De 1,5m \u00e0 2m&nbsp;: navigation interdite sauf les pratiquants encadr\u00e9s et aux pratiquants licenci\u00e9s <\/li>\n\n\n\n<li>Plus de 2m&nbsp;: navigation interdite sauf les pratiquants licenci\u00e9s et les rafts avec encadrement<\/li>\n<\/ul>\n\n\n\n<h2 class=\"wp-block-heading\">La Carte<\/h2>\n\n\n\n<div class=\"wp-block-columns are-vertically-aligned-center is-layout-flex wp-container-core-columns-is-layout-28f84493 wp-block-columns-is-layout-flex\">\n<div class=\"wp-block-column is-vertically-aligned-center is-layout-flow wp-block-column-is-layout-flow\" style=\"flex-basis:66.66%\">\n<figure data-wp-context=\"{&quot;imageId&quot;:&quot;69d26dc5d0ecd&quot;}\" data-wp-interactive=\"core\/image\" data-wp-key=\"69d26dc5d0ecd\" class=\"wp-block-image size-full wp-lightbox-container\"><img loading=\"lazy\" decoding=\"async\" width=\"759\" height=\"402\" data-wp-class--hide=\"state.isContentHidden\" data-wp-class--show=\"state.isContentVisible\" data-wp-init=\"callbacks.setButtonStyles\" data-wp-on--click=\"actions.showLightbox\" data-wp-on--load=\"callbacks.setButtonStyles\" data-wp-on-window--resize=\"callbacks.setButtonStyles\" src=\"http:\/\/cartnoe.fr\/wp-content\/uploads\/legande.PNG\" alt=\"\" class=\"wp-image-564\" srcset=\"https:\/\/cartnoe.fr\/wp-content\/uploads\/legande.PNG 759w, https:\/\/cartnoe.fr\/wp-content\/uploads\/legande-300x159.png 300w\" sizes=\"auto, (max-width: 759px) 100vw, 759px\" \/><button\n\t\t\tclass=\"lightbox-trigger\"\n\t\t\ttype=\"button\"\n\t\t\taria-haspopup=\"dialog\"\n\t\t\taria-label=\"Agrandir\"\n\t\t\tdata-wp-init=\"callbacks.initTriggerButton\"\n\t\t\tdata-wp-on--click=\"actions.showLightbox\"\n\t\t\tdata-wp-style--right=\"state.imageButtonRight\"\n\t\t\tdata-wp-style--top=\"state.imageButtonTop\"\n\t\t>\n\t\t\t<svg xmlns=\"http:\/\/www.w3.org\/2000\/svg\" width=\"12\" height=\"12\" fill=\"none\" viewBox=\"0 0 12 12\">\n\t\t\t\t<path fill=\"#fff\" d=\"M2 0a2 2 0 0 0-2 2v2h1.5V2a.5.5 0 0 1 .5-.5h2V0H2Zm2 10.5H2a.5.5 0 0 1-.5-.5V8H0v2a2 2 0 0 0 2 2h2v-1.5ZM8 12v-1.5h2a.5.5 0 0 0 .5-.5V8H12v2a2 2 0 0 1-2 2H8Zm2-12a2 2 0 0 1 2 2v2h-1.5V2a.5.5 0 0 0-.5-.5H8V0h2Z\" \/>\n\t\t\t<\/svg>\n\t\t<\/button><\/figure>\n<\/div>\n\n\n\n<div class=\"wp-block-column is-vertically-aligned-center is-layout-flow wp-block-column-is-layout-flow\" style=\"flex-basis:33.33%\">\n<p>Une quinzaine de <strong>points d&rsquo;int\u00e9r\u00eat<\/strong> r\u00e9pertori\u00e9 ! <\/p>\n<\/div>\n<\/div>\n\n\n\n<div class=\"wp-block-columns is-layout-flex wp-container-core-columns-is-layout-28f84493 wp-block-columns-is-layout-flex\">\n<div class=\"wp-block-column is-layout-flow wp-block-column-is-layout-flow\">\n<p>Une \u00e9chelle de 1\/60000e permettant un \u00e9quilibre entre lisibilit\u00e9 et facilit\u00e9 de rep\u00e9rage<\/p>\n<\/div>\n\n\n\n<div class=\"wp-block-column is-layout-flow wp-block-column-is-layout-flow\">\n<figure data-wp-context=\"{&quot;imageId&quot;:&quot;69d26dc5d1b00&quot;}\" data-wp-interactive=\"core\/image\" data-wp-key=\"69d26dc5d1b00\" class=\"wp-block-image size-large wp-lightbox-container\"><img loading=\"lazy\" decoding=\"async\" width=\"1024\" height=\"543\" data-wp-class--hide=\"state.isContentHidden\" data-wp-class--show=\"state.isContentVisible\" data-wp-init=\"callbacks.setButtonStyles\" data-wp-on--click=\"actions.showLightbox\" data-wp-on--load=\"callbacks.setButtonStyles\" data-wp-on-window--resize=\"callbacks.setButtonStyles\" src=\"http:\/\/cartnoe.fr\/wp-content\/uploads\/carte_6-1024x543.png\" alt=\"\" class=\"wp-image-559\" srcset=\"https:\/\/cartnoe.fr\/wp-content\/uploads\/carte_6-1024x543.png 1024w, https:\/\/cartnoe.fr\/wp-content\/uploads\/carte_6-300x159.png 300w, https:\/\/cartnoe.fr\/wp-content\/uploads\/carte_6-768x407.png 768w, https:\/\/cartnoe.fr\/wp-content\/uploads\/carte_6.png 1477w\" sizes=\"auto, (max-width: 1024px) 100vw, 1024px\" \/><button\n\t\t\tclass=\"lightbox-trigger\"\n\t\t\ttype=\"button\"\n\t\t\taria-haspopup=\"dialog\"\n\t\t\taria-label=\"Agrandir\"\n\t\t\tdata-wp-init=\"callbacks.initTriggerButton\"\n\t\t\tdata-wp-on--click=\"actions.showLightbox\"\n\t\t\tdata-wp-style--right=\"state.imageButtonRight\"\n\t\t\tdata-wp-style--top=\"state.imageButtonTop\"\n\t\t>\n\t\t\t<svg xmlns=\"http:\/\/www.w3.org\/2000\/svg\" width=\"12\" height=\"12\" fill=\"none\" viewBox=\"0 0 12 12\">\n\t\t\t\t<path fill=\"#fff\" d=\"M2 0a2 2 0 0 0-2 2v2h1.5V2a.5.5 0 0 1 .5-.5h2V0H2Zm2 10.5H2a.5.5 0 0 1-.5-.5V8H0v2a2 2 0 0 0 2 2h2v-1.5ZM8 12v-1.5h2a.5.5 0 0 0 .5-.5V8H12v2a2 2 0 0 1-2 2H8Zm2-12a2 2 0 0 1 2 2v2h-1.5V2a.5.5 0 0 0-.5-.5H8V0h2Z\" \/>\n\t\t\t<\/svg>\n\t\t<\/button><\/figure>\n<\/div>\n<\/div>\n\n\n\n<h3 class=\"wp-block-heading\">Lien de t\u00e9l\u00e9chargements :<\/h3>\n\n\n\n<div class=\"wp-block-buttons is-layout-flex wp-block-buttons-is-layout-flex\">\n<div class=\"wp-block-button\"><a class=\"wp-block-button__link wp-element-button\" href=\"https:\/\/cartnoe.fr\/wp-content\/uploads\/Derniere_version_carte_complete_Dordogne.pdf\" target=\"_blank\" rel=\"noreferrer noopener\">T\u00e9l\u00e9charger<\/a><\/div>\n<\/div>\n\n\n\n<p><\/p>\n","protected":false},"excerpt":{"rendered":"<p>Description La Dordogne est un cours d\u2019eau qui prend sa source dans le Massif Central, au Puy de Sancy, et apr\u00e8s avoir travers\u00e9 le d\u00e9partement de la Dordogne et de la Gironde, se jette dans l\u2019Oc\u00e9an Atlantique. Nous vous proposons ici une descente de 170km o\u00f9 vous pourrez admirer depuis votre cano\u00eb des superbes ch\u00e2teaux &hellip; <\/p>\n<p class=\"link-more\"><a href=\"https:\/\/cartnoe.fr\/index.php\/dordogne\/\" class=\"more-link\">Lire la suite de<span class=\"screen-reader-text\">\u00ab\u00a0Carte de la Dordogne\u00a0\u00bb<\/span><\/a><\/p>\n","protected":false},"author":1,"featured_media":0,"parent":0,"menu_order":0,"comment_status":"open","ping_status":"closed","template":"","meta":{"iawp_total_views":173,"footnotes":""},"class_list":["post-819","page","type-page","status-publish","hentry"],"_links":{"self":[{"href":"https:\/\/cartnoe.fr\/index.php\/wp-json\/wp\/v2\/pages\/819","targetHints":{"allow":["GET"]}}],"collection":[{"href":"https:\/\/cartnoe.fr\/index.php\/wp-json\/wp\/v2\/pages"}],"about":[{"href":"https:\/\/cartnoe.fr\/index.php\/wp-json\/wp\/v2\/types\/page"}],"author":[{"embeddable":true,"href":"https:\/\/cartnoe.fr\/index.php\/wp-json\/wp\/v2\/users\/1"}],"replies":[{"embeddable":true,"href":"https:\/\/cartnoe.fr\/index.php\/wp-json\/wp\/v2\/comments?post=819"}],"version-history":[{"count":36,"href":"https:\/\/cartnoe.fr\/index.php\/wp-json\/wp\/v2\/pages\/819\/revisions"}],"predecessor-version":[{"id":964,"href":"https:\/\/cartnoe.fr\/index.php\/wp-json\/wp\/v2\/pages\/819\/revisions\/964"}],"wp:attachment":[{"href":"https:\/\/cartnoe.fr\/index.php\/wp-json\/wp\/v2\/media?parent=819"}],"curies":[{"name":"wp","href":"https:\/\/api.w.org\/{rel}","templated":true}]}}