{"id":860,"date":"2024-03-10T19:24:50","date_gmt":"2024-03-10T18:24:50","guid":{"rendered":"https:\/\/cartnoe.fr\/?page_id=860"},"modified":"2024-03-31T17:27:54","modified_gmt":"2024-03-31T15:27:54","slug":"carte-de-lallier","status":"publish","type":"page","link":"https:\/\/cartnoe.fr\/index.php\/carte-de-lallier\/","title":{"rendered":"Carte de l&rsquo;Allier"},"content":{"rendered":"\n<div class=\"wp-block-buttons is-content-justification-center is-layout-flex wp-container-core-buttons-is-layout-a89b3969 wp-block-buttons-is-layout-flex\">\n<div class=\"wp-block-button\"><a class=\"wp-block-button__link wp-element-button\" href=\"https:\/\/cartnoe.fr\/?sdm_process_download=1&amp;download_id=905\" target=\"_blank\" rel=\"noreferrer noopener\">T\u00e9l\u00e9charger la Carte pdf<\/a><\/div>\n<\/div>\n\n\n\n<div class=\"wp-block-columns is-layout-flex wp-container-core-columns-is-layout-28f84493 wp-block-columns-is-layout-flex\">\n<div class=\"wp-block-column is-layout-flow wp-block-column-is-layout-flow\">\n<figure data-wp-context=\"{&quot;imageId&quot;:&quot;69d26bdd322c7&quot;}\" data-wp-interactive=\"core\/image\" data-wp-key=\"69d26bdd322c7\" class=\"wp-block-image aligncenter size-large is-resized wp-lightbox-container\"><img loading=\"lazy\" decoding=\"async\" width=\"1024\" height=\"715\" data-wp-class--hide=\"state.isContentHidden\" data-wp-class--show=\"state.isContentVisible\" data-wp-init=\"callbacks.setButtonStyles\" data-wp-on--click=\"actions.showLightbox\" data-wp-on--load=\"callbacks.setButtonStyles\" data-wp-on-window--resize=\"callbacks.setButtonStyles\" src=\"http:\/\/cartnoe.fr\/wp-content\/uploads\/2024\/03\/thumbnail_allier-1024x715.png\" alt=\"\" class=\"wp-image-874\" style=\"width:522px;height:auto\" srcset=\"https:\/\/cartnoe.fr\/wp-content\/uploads\/2024\/03\/thumbnail_allier-1024x715.png 1024w, https:\/\/cartnoe.fr\/wp-content\/uploads\/2024\/03\/thumbnail_allier-300x209.png 300w, https:\/\/cartnoe.fr\/wp-content\/uploads\/2024\/03\/thumbnail_allier-768x536.png 768w, https:\/\/cartnoe.fr\/wp-content\/uploads\/2024\/03\/thumbnail_allier.png 1340w\" sizes=\"auto, (max-width: 1024px) 100vw, 1024px\" \/><button\n\t\t\tclass=\"lightbox-trigger\"\n\t\t\ttype=\"button\"\n\t\t\taria-haspopup=\"dialog\"\n\t\t\taria-label=\"Agrandir\"\n\t\t\tdata-wp-init=\"callbacks.initTriggerButton\"\n\t\t\tdata-wp-on--click=\"actions.showLightbox\"\n\t\t\tdata-wp-style--right=\"state.imageButtonRight\"\n\t\t\tdata-wp-style--top=\"state.imageButtonTop\"\n\t\t>\n\t\t\t<svg xmlns=\"http:\/\/www.w3.org\/2000\/svg\" width=\"12\" height=\"12\" fill=\"none\" viewBox=\"0 0 12 12\">\n\t\t\t\t<path fill=\"#fff\" d=\"M2 0a2 2 0 0 0-2 2v2h1.5V2a.5.5 0 0 1 .5-.5h2V0H2Zm2 10.5H2a.5.5 0 0 1-.5-.5V8H0v2a2 2 0 0 0 2 2h2v-1.5ZM8 12v-1.5h2a.5.5 0 0 0 .5-.5V8H12v2a2 2 0 0 1-2 2H8Zm2-12a2 2 0 0 1 2 2v2h-1.5V2a.5.5 0 0 0-.5-.5H8V0h2Z\" \/>\n\t\t\t<\/svg>\n\t\t<\/button><\/figure>\n<\/div>\n<\/div>\n\n\n\n<h2 class=\"wp-block-heading\">Description <\/h2>\n\n\n\n<p>Principal affluent de la Loire, l&rsquo;Allier est de m\u00eame que cette derni\u00e8re souvent consid\u00e9r\u00e9e comme \u00ab\u00a0l&rsquo;<strong>une des derni\u00e8res rivi\u00e8res sauvages d&rsquo;Europe<\/strong>\u00ab\u00a0<\/p>\n\n\n\n<p>Nous vous proposons ici une descente de 150km o\u00f9 vous pourrez depuis votre cano\u00eb  admirer des orges basaltiques magnifiques ou encore observer des saumon migrateurs.<\/p>\n\n\n\n<p>Pour un petit r\u00e9sum\u00e9 de notre descente, c&rsquo;est <a href=\"https:\/\/cartnoe.fr\/index.php\/en-travaux\/\" data-type=\"page\" data-id=\"790\">ici<\/a> !<\/p>\n\n\n\n<h2 class=\"wp-block-heading\">Localisation<\/h2>\n\n\n\n<p>La carte d\u00e9bute de Prades jusqu&rsquo;\u00e0 Joze, un peu apr\u00e8s Clermont-Ferrand<\/p>\n\n\n\n<h2 class=\"wp-block-heading\">P\u00e9riode Favorable<\/h2>\n\n\n\n<p>Selon le niveau d&rsquo;eau, d&rsquo;avril a octobre. <\/p>\n\n\n\n<h2 class=\"wp-block-heading\">L\u00e9gislation<\/h2>\n\n\n\n<p>Se renseigner<\/p>\n\n\n\n<h2 class=\"wp-block-heading\">La Carte<\/h2>\n\n\n\n<div class=\"wp-block-columns is-layout-flex wp-container-core-columns-is-layout-28f84493 wp-block-columns-is-layout-flex\">\n<div class=\"wp-block-column is-layout-flow wp-block-column-is-layout-flow\">\n<figure data-wp-context=\"{&quot;imageId&quot;:&quot;69d26bdd32f07&quot;}\" data-wp-interactive=\"core\/image\" data-wp-key=\"69d26bdd32f07\" class=\"wp-block-image size-large wp-lightbox-container\"><img loading=\"lazy\" decoding=\"async\" width=\"1024\" height=\"732\" data-wp-class--hide=\"state.isContentHidden\" data-wp-class--show=\"state.isContentVisible\" data-wp-init=\"callbacks.setButtonStyles\" data-wp-on--click=\"actions.showLightbox\" data-wp-on--load=\"callbacks.setButtonStyles\" data-wp-on-window--resize=\"callbacks.setButtonStyles\" src=\"http:\/\/cartnoe.fr\/wp-content\/uploads\/2024\/03\/legend_allier-e1710094943873-1024x732.png\" alt=\"\" class=\"wp-image-862\" srcset=\"https:\/\/cartnoe.fr\/wp-content\/uploads\/2024\/03\/legend_allier-e1710094943873-1024x732.png 1024w, https:\/\/cartnoe.fr\/wp-content\/uploads\/2024\/03\/legend_allier-e1710094943873-300x214.png 300w, https:\/\/cartnoe.fr\/wp-content\/uploads\/2024\/03\/legend_allier-e1710094943873-768x549.png 768w, https:\/\/cartnoe.fr\/wp-content\/uploads\/2024\/03\/legend_allier-e1710094943873.png 1220w\" sizes=\"auto, (max-width: 1024px) 100vw, 1024px\" \/><button\n\t\t\tclass=\"lightbox-trigger\"\n\t\t\ttype=\"button\"\n\t\t\taria-haspopup=\"dialog\"\n\t\t\taria-label=\"Agrandir\"\n\t\t\tdata-wp-init=\"callbacks.initTriggerButton\"\n\t\t\tdata-wp-on--click=\"actions.showLightbox\"\n\t\t\tdata-wp-style--right=\"state.imageButtonRight\"\n\t\t\tdata-wp-style--top=\"state.imageButtonTop\"\n\t\t>\n\t\t\t<svg xmlns=\"http:\/\/www.w3.org\/2000\/svg\" width=\"12\" height=\"12\" fill=\"none\" viewBox=\"0 0 12 12\">\n\t\t\t\t<path fill=\"#fff\" d=\"M2 0a2 2 0 0 0-2 2v2h1.5V2a.5.5 0 0 1 .5-.5h2V0H2Zm2 10.5H2a.5.5 0 0 1-.5-.5V8H0v2a2 2 0 0 0 2 2h2v-1.5ZM8 12v-1.5h2a.5.5 0 0 0 .5-.5V8H12v2a2 2 0 0 1-2 2H8Zm2-12a2 2 0 0 1 2 2v2h-1.5V2a.5.5 0 0 0-.5-.5H8V0h2Z\" \/>\n\t\t\t<\/svg>\n\t\t<\/button><\/figure>\n<\/div>\n\n\n\n<div class=\"wp-block-column is-vertically-aligned-center is-layout-flow wp-block-column-is-layout-flow\">\n<p>Une quinzaine de <strong>points d&rsquo;int\u00e9r\u00eat<\/strong> r\u00e9pertori\u00e9 ! <\/p>\n<\/div>\n<\/div>\n\n\n\n<div class=\"wp-block-columns are-vertically-aligned-center is-layout-flex wp-container-core-columns-is-layout-28f84493 wp-block-columns-is-layout-flex\">\n<div class=\"wp-block-column is-vertically-aligned-center is-layout-flow wp-block-column-is-layout-flow\">\n<p>Une \u00e9chelle de 1\/10000e permettant un \u00e9quilibre entre lisibilit\u00e9 et facilit\u00e9 de rep\u00e9rage<\/p>\n<\/div>\n\n\n\n<div class=\"wp-block-column is-vertically-aligned-center is-layout-flow wp-block-column-is-layout-flow\">\n<figure data-wp-context=\"{&quot;imageId&quot;:&quot;69d26bdd3381b&quot;}\" data-wp-interactive=\"core\/image\" data-wp-key=\"69d26bdd3381b\" class=\"wp-block-image size-large wp-lightbox-container\"><img loading=\"lazy\" decoding=\"async\" width=\"1024\" height=\"724\" data-wp-class--hide=\"state.isContentHidden\" data-wp-class--show=\"state.isContentVisible\" data-wp-init=\"callbacks.setButtonStyles\" data-wp-on--click=\"actions.showLightbox\" data-wp-on--load=\"callbacks.setButtonStyles\" data-wp-on-window--resize=\"callbacks.setButtonStyles\" src=\"http:\/\/cartnoe.fr\/wp-content\/uploads\/2024\/03\/vue_carte_allier-1024x724.png\" alt=\"\" class=\"wp-image-861\" srcset=\"https:\/\/cartnoe.fr\/wp-content\/uploads\/2024\/03\/vue_carte_allier-1024x724.png 1024w, https:\/\/cartnoe.fr\/wp-content\/uploads\/2024\/03\/vue_carte_allier-300x212.png 300w, https:\/\/cartnoe.fr\/wp-content\/uploads\/2024\/03\/vue_carte_allier-768x543.png 768w, https:\/\/cartnoe.fr\/wp-content\/uploads\/2024\/03\/vue_carte_allier.png 1235w\" sizes=\"auto, (max-width: 1024px) 100vw, 1024px\" \/><button\n\t\t\tclass=\"lightbox-trigger\"\n\t\t\ttype=\"button\"\n\t\t\taria-haspopup=\"dialog\"\n\t\t\taria-label=\"Agrandir\"\n\t\t\tdata-wp-init=\"callbacks.initTriggerButton\"\n\t\t\tdata-wp-on--click=\"actions.showLightbox\"\n\t\t\tdata-wp-style--right=\"state.imageButtonRight\"\n\t\t\tdata-wp-style--top=\"state.imageButtonTop\"\n\t\t>\n\t\t\t<svg xmlns=\"http:\/\/www.w3.org\/2000\/svg\" width=\"12\" height=\"12\" fill=\"none\" viewBox=\"0 0 12 12\">\n\t\t\t\t<path fill=\"#fff\" d=\"M2 0a2 2 0 0 0-2 2v2h1.5V2a.5.5 0 0 1 .5-.5h2V0H2Zm2 10.5H2a.5.5 0 0 1-.5-.5V8H0v2a2 2 0 0 0 2 2h2v-1.5ZM8 12v-1.5h2a.5.5 0 0 0 .5-.5V8H12v2a2 2 0 0 1-2 2H8Zm2-12a2 2 0 0 1 2 2v2h-1.5V2a.5.5 0 0 0-.5-.5H8V0h2Z\" \/>\n\t\t\t<\/svg>\n\t\t<\/button><\/figure>\n<\/div>\n<\/div>\n\n\n\n<h3 class=\"wp-block-heading\">lien de t\u00e9l\u00e9chargement de la carte pdf :<\/h3>\n\n\n\n<div class=\"wp-block-buttons is-layout-flex wp-block-buttons-is-layout-flex\">\n<div class=\"wp-block-button\"><a class=\"wp-block-button__link wp-element-button\" href=\"https:\/\/cartnoe.fr\/?sdm_process_download=1&amp;download_id=905\" target=\"_blank\" rel=\"noreferrer noopener\">T\u00e9l\u00e9charger<\/a><\/div>\n<\/div>\n","protected":false},"excerpt":{"rendered":"<p>Description Principal affluent de la Loire, l&rsquo;Allier est de m\u00eame que cette derni\u00e8re souvent consid\u00e9r\u00e9e comme \u00ab\u00a0l&rsquo;une des derni\u00e8res rivi\u00e8res sauvages d&rsquo;Europe\u00ab\u00a0 Nous vous proposons ici une descente de 150km o\u00f9 vous pourrez depuis votre cano\u00eb admirer des orges basaltiques magnifiques ou encore observer des saumon migrateurs. Pour un petit r\u00e9sum\u00e9 de notre descente, c&rsquo;est &hellip; <\/p>\n<p class=\"link-more\"><a href=\"https:\/\/cartnoe.fr\/index.php\/carte-de-lallier\/\" class=\"more-link\">Lire la suite de<span class=\"screen-reader-text\">\u00ab\u00a0Carte de l&rsquo;Allier\u00a0\u00bb<\/span><\/a><\/p>\n","protected":false},"author":1,"featured_media":0,"parent":0,"menu_order":0,"comment_status":"open","ping_status":"closed","template":"","meta":{"iawp_total_views":112,"footnotes":""},"class_list":["post-860","page","type-page","status-publish","hentry"],"_links":{"self":[{"href":"https:\/\/cartnoe.fr\/index.php\/wp-json\/wp\/v2\/pages\/860","targetHints":{"allow":["GET"]}}],"collection":[{"href":"https:\/\/cartnoe.fr\/index.php\/wp-json\/wp\/v2\/pages"}],"about":[{"href":"https:\/\/cartnoe.fr\/index.php\/wp-json\/wp\/v2\/types\/page"}],"author":[{"embeddable":true,"href":"https:\/\/cartnoe.fr\/index.php\/wp-json\/wp\/v2\/users\/1"}],"replies":[{"embeddable":true,"href":"https:\/\/cartnoe.fr\/index.php\/wp-json\/wp\/v2\/comments?post=860"}],"version-history":[{"count":21,"href":"https:\/\/cartnoe.fr\/index.php\/wp-json\/wp\/v2\/pages\/860\/revisions"}],"predecessor-version":[{"id":913,"href":"https:\/\/cartnoe.fr\/index.php\/wp-json\/wp\/v2\/pages\/860\/revisions\/913"}],"wp:attachment":[{"href":"https:\/\/cartnoe.fr\/index.php\/wp-json\/wp\/v2\/media?parent=860"}],"curies":[{"name":"wp","href":"https:\/\/api.w.org\/{rel}","templated":true}]}}